{"id":1730,"date":"2023-11-03T11:52:51","date_gmt":"2023-11-03T11:52:51","guid":{"rendered":"https:\/\/vivetuestilo.com.ar\/vive\/?post_type=product&#038;p=1730"},"modified":"2026-02-02T16:01:28","modified_gmt":"2026-02-02T19:01:28","slug":"animate-al-color","status":"publish","type":"product","link":"https:\/\/vivetuestilo.com.ar\/vive\/product\/animate-al-color\/","title":{"rendered":"Animate al Color"},"content":{"rendered":"<p><b>Tu kit para empezar a combinar colores con libertad, seguridad y estilo.<\/b><\/p>\n<p><i><span style=\"font-weight: 400;\">Animate al Color<\/span><\/i><span style=\"font-weight: 400;\"> es un combo visual y pr\u00e1ctico que te ayuda a entender c\u00f3mo usar el c\u00edrculo crom\u00e1tico sin vueltas y empezar a jugar con los colores desde el primer d\u00eda.<\/span><\/p>\n<p><span style=\"font-weight: 400;\">Incluye:<\/span><\/p>\n<p><span style=\"font-weight: 400;\">&#x1f4d8; <\/span><b>Gu\u00eda Express \u201cAnimate al Color\u201d<\/b><\/p>\n<ul>\n<li style=\"font-weight: 400;\" aria-level=\"1\"><span style=\"font-weight: 400;\">Una gu\u00eda visual, clara y motivadora para entender los tipos de combinaciones (monocrom\u00e1tica, an\u00e1loga, complementaria y m\u00e1s)<\/span><\/li>\n<li style=\"font-weight: 400;\" aria-level=\"1\"><span style=\"font-weight: 400;\">Ejemplos reales y f\u00e1ciles de aplicar<\/span><\/li>\n<li style=\"font-weight: 400;\" aria-level=\"1\"><span style=\"font-weight: 400;\">Ideal para mujeres que quieren sumar color pero no saben por d\u00f3nde empezar<\/span><\/li>\n<\/ul>\n<p><span style=\"font-weight: 400;\">&#x1f308; <\/span><b>C\u00edrculo Crom\u00e1tico Descargable<\/b><\/p>\n<ul>\n<li style=\"font-weight: 400;\" aria-level=\"1\"><span style=\"font-weight: 400;\">Recurso imprimible para tener siempre a mano<\/span><\/li>\n<li style=\"font-weight: 400;\" aria-level=\"1\"><span style=\"font-weight: 400;\">Usalo como referencia diaria para crear looks con armon\u00eda y presencia<\/span><\/li>\n<\/ul>\n<p><span style=\"font-weight: 400;\">Hecho para vos, que quer\u00e9s dejar atr\u00e1s la duda frente al placard y empezar a vestirte con intenci\u00f3n, con poder y con color.<\/span><\/p>\n<p><b>&#x1f4a5; Descargalo ahora y empez\u00e1 a jugar con los colores que te hacen brillar.<\/b><\/p>\n","protected":false},"excerpt":{"rendered":"<p>Tu kit para empezar a combinar colores con libertad, seguridad y estilo. Animate al Color es un combo visual y pr\u00e1ctico que te ayuda a entender c\u00f3mo usar el c\u00edrculo crom\u00e1tico sin vueltas y empezar a jugar con los colores desde el primer d\u00eda. Incluye: &#x1f4d8; Gu\u00eda Express \u201cAnimate al Color\u201d Una gu\u00eda visual, clara [&hellip;]<\/p>\n","protected":false},"featured_media":3446,"template":"","meta":{"site-sidebar-layout":"default","site-content-layout":"","ast-site-content-layout":"default","site-content-style":"default","site-sidebar-style":"default","ast-global-header-display":"","ast-banner-title-visibility":"","ast-main-header-display":"","ast-hfb-above-header-display":"","ast-hfb-below-header-display":"","ast-hfb-mobile-header-display":"","site-post-title":"","ast-breadcrumbs-content":"","ast-featured-img":"","footer-sml-layout":"","ast-disable-related-posts":"","theme-transparent-header-meta":"default","adv-header-id-meta":"","stick-header-meta":"","header-above-stick-meta":"","header-main-stick-meta":"","header-below-stick-meta":"","astra-migrate-meta-layouts":"set","ast-page-background-enabled":"default","ast-page-background-meta":{"desktop":{"background-color":"var(--ast-global-color-4)","background-image":"","background-repeat":"repeat","background-position":"center center","background-size":"auto","background-attachment":"scroll","background-type":"","background-media":"","overlay-type":"","overlay-color":"","overlay-opacity":"","overlay-gradient":""},"tablet":{"background-color":"","background-image":"","background-repeat":"repeat","background-position":"center center","background-size":"auto","background-attachment":"scroll","background-type":"","background-media":"","overlay-type":"","overlay-color":"","overlay-opacity":"","overlay-gradient":""},"mobile":{"background-color":"","background-image":"","background-repeat":"repeat","background-position":"center center","background-size":"auto","background-attachment":"scroll","background-type":"","background-media":"","overlay-type":"","overlay-color":"","overlay-opacity":"","overlay-gradient":""}},"ast-content-background-meta":{"desktop":{"background-color":"var(--ast-global-color-5)","background-image":"","background-repeat":"repeat","background-position":"center center","background-size":"auto","background-attachment":"scroll","background-type":"","background-media":"","overlay-type":"","overlay-color":"","overlay-opacity":"","overlay-gradient":""},"tablet":{"background-color":"var(--ast-global-color-5)","background-image":"","background-repeat":"repeat","background-position":"center center","background-size":"auto","background-attachment":"scroll","background-type":"","background-media":"","overlay-type":"","overlay-color":"","overlay-opacity":"","overlay-gradient":""},"mobile":{"background-color":"var(--ast-global-color-5)","background-image":"","background-repeat":"repeat","background-position":"center center","background-size":"auto","background-attachment":"scroll","background-type":"","background-media":"","overlay-type":"","overlay-color":"","overlay-opacity":"","overlay-gradient":""}},"_joinchat":[]},"product_brand":[],"product_cat":[71],"product_tag":[],"class_list":{"0":"post-1730","1":"product","2":"type-product","3":"status-publish","4":"has-post-thumbnail","6":"product_cat-productodigital","7":"post","8":"desktop-align-left","9":"tablet-align-left","10":"mobile-align-left","12":"first","13":"instock","14":"downloadable","15":"virtual","16":"purchasable","17":"product-type-simple"},"jetpack_sharing_enabled":true,"_links":{"self":[{"href":"https:\/\/vivetuestilo.com.ar\/vive\/wp-json\/wp\/v2\/product\/1730","targetHints":{"allow":["GET"]}}],"collection":[{"href":"https:\/\/vivetuestilo.com.ar\/vive\/wp-json\/wp\/v2\/product"}],"about":[{"href":"https:\/\/vivetuestilo.com.ar\/vive\/wp-json\/wp\/v2\/types\/product"}],"wp:featuredmedia":[{"embeddable":true,"href":"https:\/\/vivetuestilo.com.ar\/vive\/wp-json\/wp\/v2\/media\/3446"}],"wp:attachment":[{"href":"https:\/\/vivetuestilo.com.ar\/vive\/wp-json\/wp\/v2\/media?parent=1730"}],"wp:term":[{"taxonomy":"product_brand","embeddable":true,"href":"https:\/\/vivetuestilo.com.ar\/vive\/wp-json\/wp\/v2\/product_brand?post=1730"},{"taxonomy":"product_cat","embeddable":true,"href":"https:\/\/vivetuestilo.com.ar\/vive\/wp-json\/wp\/v2\/product_cat?post=1730"},{"taxonomy":"product_tag","embeddable":true,"href":"https:\/\/vivetuestilo.com.ar\/vive\/wp-json\/wp\/v2\/product_tag?post=1730"}],"curies":[{"name":"wp","href":"https:\/\/api.w.org\/{rel}","templated":true}]}}