{"id":3237,"date":"2025-07-31T07:41:05","date_gmt":"2025-07-31T10:41:05","guid":{"rendered":"https:\/\/vivetuestilo.com.ar\/vive\/?post_type=product&#038;p=3237"},"modified":"2026-02-02T16:00:26","modified_gmt":"2026-02-02T19:00:26","slug":"mini-analisis-de-color-personalizado","status":"publish","type":"product","link":"https:\/\/vivetuestilo.com.ar\/vive\/product\/mini-analisis-de-color-personalizado\/","title":{"rendered":"Mini An\u00e1lisis de Color Personalizado"},"content":{"rendered":"<p><b>Descubr\u00ed tu estaci\u00f3n de color con mi acompa\u00f1amiento.<\/b><\/p>\n<p><span style=\"font-weight: 400;\">\u00bfNo sab\u00e9s qu\u00e9 estaci\u00f3n sos? \u00bfTe cuesta entender los tonos sola? No te preocupes, yo te acompa\u00f1o paso a paso.<\/span><\/p>\n<p><span style=\"font-weight: 400;\">Con este servicio te ayudo a identificar tu estaci\u00f3n de color de forma simple y visual, para que empieces a usar lo que realmente te potencia.<\/span><\/p>\n<p>&nbsp;<\/p>\n<h6><b>&#x1f4a1; \u00bfC\u00f3mo lo hacemos?<\/b><\/h6>\n<p><span style=\"font-weight: 400;\">&#x1f4f8; Me envi\u00e1s una foto de tu rostro sin maquillaje (con luz natural)<\/span><span style=\"font-weight: 400;\"><br \/>\n<\/span><span style=\"font-weight: 400;\"> &#x1f3af; Hago el an\u00e1lisis con mi test digital y defino tu estaci\u00f3n<\/span><span style=\"font-weight: 400;\"><br \/>\n<\/span><span style=\"font-weight: 400;\"> &#x1f4ac; Te explico el resultado de forma personalizada (por audio o mensaje, como prefieras)<\/span><span style=\"font-weight: 400;\"><br \/>\n<\/span><span style=\"font-weight: 400;\"> &#x1f308; Te entrego tu paleta digital correspondiente, lista para descargar y usar<\/span><\/p>\n<p><span style=\"font-weight: 400;\">No incluye asesor\u00eda de prendas ni armado de looks.<\/span><span style=\"font-weight: 400;\"><br \/>\n<\/span><span style=\"font-weight: 400;\"> Este servicio est\u00e1 100% enfocado en ayudarte a descubrir <\/span><b>tu armon\u00eda de color personal.<\/b><\/p>\n<p><b>&#x2728; Reserv\u00e1 tu mini sesi\u00f3n y descubr\u00ed los colores que mejor hablan de vos.<\/b><\/p>\n<p>&nbsp;<\/p>\n","protected":false},"excerpt":{"rendered":"<p>Te ayudo a identificar tu estaci\u00f3n de color de forma simple y visual, para que empieces a usar lo que realmente te potencia.<\/p>\n","protected":false},"featured_media":3448,"template":"","meta":{"site-sidebar-layout":"default","site-content-layout":"","ast-site-content-layout":"default","site-content-style":"default","site-sidebar-style":"default","ast-global-header-display":"","ast-banner-title-visibility":"","ast-main-header-display":"","ast-hfb-above-header-display":"","ast-hfb-below-header-display":"","ast-hfb-mobile-header-display":"","site-post-title":"","ast-breadcrumbs-content":"","ast-featured-img":"","footer-sml-layout":"","ast-disable-related-posts":"","theme-transparent-header-meta":"default","adv-header-id-meta":"","stick-header-meta":"","header-above-stick-meta":"","header-main-stick-meta":"","header-below-stick-meta":"","astra-migrate-meta-layouts":"set","ast-page-background-enabled":"default","ast-page-background-meta":{"desktop":{"background-color":"var(--ast-global-color-4)","background-image":"","background-repeat":"repeat","background-position":"center center","background-size":"auto","background-attachment":"scroll","background-type":"","background-media":"","overlay-type":"","overlay-color":"","overlay-opacity":"","overlay-gradient":""},"tablet":{"background-color":"","background-image":"","background-repeat":"repeat","background-position":"center center","background-size":"auto","background-attachment":"scroll","background-type":"","background-media":"","overlay-type":"","overlay-color":"","overlay-opacity":"","overlay-gradient":""},"mobile":{"background-color":"","background-image":"","background-repeat":"repeat","background-position":"center center","background-size":"auto","background-attachment":"scroll","background-type":"","background-media":"","overlay-type":"","overlay-color":"","overlay-opacity":"","overlay-gradient":""}},"ast-content-background-meta":{"desktop":{"background-color":"var(--ast-global-color-5)","background-image":"","background-repeat":"repeat","background-position":"center center","background-size":"auto","background-attachment":"scroll","background-type":"","background-media":"","overlay-type":"","overlay-color":"","overlay-opacity":"","overlay-gradient":""},"tablet":{"background-color":"var(--ast-global-color-5)","background-image":"","background-repeat":"repeat","background-position":"center center","background-size":"auto","background-attachment":"scroll","background-type":"","background-media":"","overlay-type":"","overlay-color":"","overlay-opacity":"","overlay-gradient":""},"mobile":{"background-color":"var(--ast-global-color-5)","background-image":"","background-repeat":"repeat","background-position":"center center","background-size":"auto","background-attachment":"scroll","background-type":"","background-media":"","overlay-type":"","overlay-color":"","overlay-opacity":"","overlay-gradient":""}},"_joinchat":[]},"product_brand":[],"product_cat":[71],"product_tag":[],"class_list":{"0":"post-3237","1":"product","2":"type-product","3":"status-publish","4":"has-post-thumbnail","6":"product_cat-productodigital","7":"post","8":"desktop-align-left","9":"tablet-align-left","10":"mobile-align-left","12":"first","13":"instock","14":"downloadable","15":"virtual","16":"purchasable","17":"product-type-simple"},"jetpack_sharing_enabled":true,"_links":{"self":[{"href":"https:\/\/vivetuestilo.com.ar\/vive\/wp-json\/wp\/v2\/product\/3237","targetHints":{"allow":["GET"]}}],"collection":[{"href":"https:\/\/vivetuestilo.com.ar\/vive\/wp-json\/wp\/v2\/product"}],"about":[{"href":"https:\/\/vivetuestilo.com.ar\/vive\/wp-json\/wp\/v2\/types\/product"}],"wp:featuredmedia":[{"embeddable":true,"href":"https:\/\/vivetuestilo.com.ar\/vive\/wp-json\/wp\/v2\/media\/3448"}],"wp:attachment":[{"href":"https:\/\/vivetuestilo.com.ar\/vive\/wp-json\/wp\/v2\/media?parent=3237"}],"wp:term":[{"taxonomy":"product_brand","embeddable":true,"href":"https:\/\/vivetuestilo.com.ar\/vive\/wp-json\/wp\/v2\/product_brand?post=3237"},{"taxonomy":"product_cat","embeddable":true,"href":"https:\/\/vivetuestilo.com.ar\/vive\/wp-json\/wp\/v2\/product_cat?post=3237"},{"taxonomy":"product_tag","embeddable":true,"href":"https:\/\/vivetuestilo.com.ar\/vive\/wp-json\/wp\/v2\/product_tag?post=3237"}],"curies":[{"name":"wp","href":"https:\/\/api.w.org\/{rel}","templated":true}]}}