{"id":620,"date":"2023-05-06T14:55:22","date_gmt":"2023-05-06T14:55:22","guid":{"rendered":"https:\/\/vivetuestilo.com.ar\/vive\/?post_type=product&#038;p=620"},"modified":"2026-02-02T17:07:03","modified_gmt":"2026-02-02T20:07:03","slug":"color-esencial","status":"publish","type":"product","link":"https:\/\/vivetuestilo.com.ar\/vive\/product\/color-esencial\/","title":{"rendered":"Color Esencial"},"content":{"rendered":"<p>Tu gu\u00eda visual con los colores ideales seg\u00fan tu estaci\u00f3n.<\/p>\n<p>Color Esencial es un recurso digital que te muestra todas las tonalidades que forman parte de cada estaci\u00f3n del color.<\/p>\n<p>Es una herramienta pr\u00e1ctica y visual para identificar los colores que te iluminan y te representan.<\/p>\n<p>Incluye:<\/p>\n<p>&#x1f338; Las 12 estaciones del color (como Invierno Profundo, Primavera C\u00e1lida, etc.)<\/p>\n<p>&#x1f308; Tonos organizados por familias de color: turquesas, violetas, rosados, verdes y m\u00e1s<\/p>\n<p>&#x1f457; Referencias visuales f\u00e1ciles de aplicar a ropa, maquillaje y accesorios<\/p>\n<p>&#x1f5a5;&#xfe0f; Formato descargable para tener siempre a mano<\/p>\n<p>&#x1f7e3; \u00bfYa sab\u00e9s cu\u00e1l es tu estaci\u00f3n?<\/p>\n<p>\u2192 Pod\u00e9s descargar solo la paleta correspondiente.<\/p>\n<p>&#x1f308; \u00bfQuer\u00e9s tener el pack completo?<\/p>\n<p>\u2192 Tambi\u00e9n pod\u00e9s llevarte las 12 estaciones juntas (ideal si sos asesora o quer\u00e9s explorar).<\/p>\n<p><span style=\"font-weight: 400;\">Hecho para que el color deje de ser una duda, y empiece a ser una herramienta de expresi\u00f3n.<\/span><\/p>\n<p>&#x1f4be; Descarg\u00e1 tus colores esenciales y empez\u00e1 a vestirte con lo que realmente te representa.<\/p>\n<p>&nbsp;<\/p>\n","protected":false},"excerpt":{"rendered":"<p>Tu gu\u00eda visual con los colores ideales seg\u00fan tu estaci\u00f3n. Color Esencial es un recurso digital que te muestra todas las tonalidades que forman parte de cada estaci\u00f3n del color. Es una herramienta pr\u00e1ctica y visual para identificar los colores que te iluminan y te representan. Incluye: &#x1f338; Las 12 estaciones del color (como Invierno [&hellip;]<\/p>\n","protected":false},"featured_media":3236,"template":"","meta":{"site-sidebar-layout":"default","site-content-layout":"","ast-site-content-layout":"default","site-content-style":"default","site-sidebar-style":"default","ast-global-header-display":"","ast-banner-title-visibility":"","ast-main-header-display":"","ast-hfb-above-header-display":"","ast-hfb-below-header-display":"","ast-hfb-mobile-header-display":"","site-post-title":"","ast-breadcrumbs-content":"","ast-featured-img":"","footer-sml-layout":"","ast-disable-related-posts":"","theme-transparent-header-meta":"default","adv-header-id-meta":"","stick-header-meta":"","header-above-stick-meta":"","header-main-stick-meta":"","header-below-stick-meta":"","astra-migrate-meta-layouts":"set","ast-page-background-enabled":"default","ast-page-background-meta":{"desktop":{"background-color":"var(--ast-global-color-4)","background-image":"","background-repeat":"repeat","background-position":"center center","background-size":"auto","background-attachment":"scroll","background-type":"","background-media":"","overlay-type":"","overlay-color":"","overlay-opacity":"","overlay-gradient":""},"tablet":{"background-color":"","background-image":"","background-repeat":"repeat","background-position":"center center","background-size":"auto","background-attachment":"scroll","background-type":"","background-media":"","overlay-type":"","overlay-color":"","overlay-opacity":"","overlay-gradient":""},"mobile":{"background-color":"","background-image":"","background-repeat":"repeat","background-position":"center center","background-size":"auto","background-attachment":"scroll","background-type":"","background-media":"","overlay-type":"","overlay-color":"","overlay-opacity":"","overlay-gradient":""}},"ast-content-background-meta":{"desktop":{"background-color":"var(--ast-global-color-5)","background-image":"","background-repeat":"repeat","background-position":"center center","background-size":"auto","background-attachment":"scroll","background-type":"","background-media":"","overlay-type":"","overlay-color":"","overlay-opacity":"","overlay-gradient":""},"tablet":{"background-color":"var(--ast-global-color-5)","background-image":"","background-repeat":"repeat","background-position":"center center","background-size":"auto","background-attachment":"scroll","background-type":"","background-media":"","overlay-type":"","overlay-color":"","overlay-opacity":"","overlay-gradient":""},"mobile":{"background-color":"var(--ast-global-color-5)","background-image":"","background-repeat":"repeat","background-position":"center center","background-size":"auto","background-attachment":"scroll","background-type":"","background-media":"","overlay-type":"","overlay-color":"","overlay-opacity":"","overlay-gradient":""}},"_joinchat":[]},"product_brand":[],"product_cat":[71],"product_tag":[],"class_list":{"0":"post-620","1":"product","2":"type-product","3":"status-publish","4":"has-post-thumbnail","6":"product_cat-productodigital","7":"post","8":"desktop-align-left","9":"tablet-align-left","10":"mobile-align-left","12":"first","13":"instock","14":"shipping-taxable","15":"purchasable","16":"product-type-variable"},"jetpack_sharing_enabled":true,"_links":{"self":[{"href":"https:\/\/vivetuestilo.com.ar\/vive\/wp-json\/wp\/v2\/product\/620","targetHints":{"allow":["GET"]}}],"collection":[{"href":"https:\/\/vivetuestilo.com.ar\/vive\/wp-json\/wp\/v2\/product"}],"about":[{"href":"https:\/\/vivetuestilo.com.ar\/vive\/wp-json\/wp\/v2\/types\/product"}],"wp:featuredmedia":[{"embeddable":true,"href":"https:\/\/vivetuestilo.com.ar\/vive\/wp-json\/wp\/v2\/media\/3236"}],"wp:attachment":[{"href":"https:\/\/vivetuestilo.com.ar\/vive\/wp-json\/wp\/v2\/media?parent=620"}],"wp:term":[{"taxonomy":"product_brand","embeddable":true,"href":"https:\/\/vivetuestilo.com.ar\/vive\/wp-json\/wp\/v2\/product_brand?post=620"},{"taxonomy":"product_cat","embeddable":true,"href":"https:\/\/vivetuestilo.com.ar\/vive\/wp-json\/wp\/v2\/product_cat?post=620"},{"taxonomy":"product_tag","embeddable":true,"href":"https:\/\/vivetuestilo.com.ar\/vive\/wp-json\/wp\/v2\/product_tag?post=620"}],"curies":[{"name":"wp","href":"https:\/\/api.w.org\/{rel}","templated":true}]}}